 {"id":30,"date":"2020-04-13T11:18:54","date_gmt":"2020-04-13T11:18:54","guid":{"rendered":"https:\/\/runnersnorth.com.mx\/index.php\/home\/"},"modified":"2024-01-19T04:32:22","modified_gmt":"2024-01-19T04:32:22","slug":"home","status":"publish","type":"page","link":"https:\/\/runnersnorth.com.mx\/","title":{"rendered":"Home"},"content":{"rendered":"\t\t<div data-elementor-type=\"wp-page\" data-elementor-id=\"30\" class=\"elementor elementor-30\" data-elementor-post-type=\"page\">\n\t\t\t\t\t\t<section class=\"elementor-section elementor-top-section elementor-element elementor-element-5939a86c elementor-section-height-min-height elementor-section-boxed elementor-section-height-default elementor-section-items-middle\" data-id=\"5939a86c\" data-element_type=\"section\" data-e-type=\"section\" data-settings=\"{&quot;background_background&quot;:&quot;classic&quot;}\">\n\t\t\t\t\t\t\t<div class=\"elementor-background-overlay\"><\/div>\n\t\t\t\t\t\t\t<div class=\"elementor-container elementor-column-gap-no\">\n\t\t\t\t\t<div class=\"elementor-column elementor-col-100 elementor-top-column elementor-element elementor-element-6f6a47a9\" data-id=\"6f6a47a9\" data-element_type=\"column\" data-e-type=\"column\">\n\t\t\t<div class=\"elementor-widget-wrap elementor-element-populated\">\n\t\t\t\t\t\t<div class=\"elementor-element elementor-element-da98eec elementor-widget elementor-widget-image-box\" data-id=\"da98eec\" data-element_type=\"widget\" data-e-type=\"widget\" data-widget_type=\"image-box.default\">\n\t\t\t\t<div class=\"elementor-widget-container\">\n\t\t\t\t\t<div class=\"elementor-image-box-wrapper\"><div class=\"elementor-image-box-content\"><h1 class=\"elementor-image-box-title\">RunnersNorth<\/h1><p class=\"elementor-image-box-description\">Atletismo como estilo de vida<\/p><\/div><\/div>\t\t\t\t<\/div>\n\t\t\t\t<\/div>\n\t\t\t\t<section class=\"elementor-section elementor-inner-section elementor-element elementor-element-143e9c37 elementor-section-boxed elementor-section-height-default elementor-section-height-default\" data-id=\"143e9c37\" data-element_type=\"section\" data-e-type=\"section\">\n\t\t\t\t\t\t<div class=\"elementor-container elementor-column-gap-no\">\n\t\t\t\t\t<div class=\"elementor-column elementor-col-50 elementor-inner-column elementor-element elementor-element-5acde085\" data-id=\"5acde085\" data-element_type=\"column\" data-e-type=\"column\">\n\t\t\t<div class=\"elementor-widget-wrap elementor-element-populated\">\n\t\t\t\t\t\t<div class=\"elementor-element elementor-element-31fcced2 elementor-align-center elementor-mobile-align-center elementor-widget elementor-widget-button\" data-id=\"31fcced2\" data-element_type=\"widget\" data-e-type=\"widget\" data-widget_type=\"button.default\">\n\t\t\t\t<div class=\"elementor-widget-container\">\n\t\t\t\t\t\t\t\t\t<div class=\"elementor-button-wrapper\">\n\t\t\t\t\t<a class=\"elementor-button elementor-button-link elementor-size-lg\" href=\"#\">\n\t\t\t\t\t\t<span class=\"elementor-button-content-wrapper\">\n\t\t\t\t\t\t\t\t\t<span class=\"elementor-button-text\">Servicios<\/span>\n\t\t\t\t\t<\/span>\n\t\t\t\t\t<\/a>\n\t\t\t\t<\/div>\n\t\t\t\t\t\t\t\t<\/div>\n\t\t\t\t<\/div>\n\t\t\t\t\t<\/div>\n\t\t<\/div>\n\t\t\t\t<div class=\"elementor-column elementor-col-50 elementor-inner-column elementor-element elementor-element-6e649c\" data-id=\"6e649c\" data-element_type=\"column\" data-e-type=\"column\">\n\t\t\t<div class=\"elementor-widget-wrap elementor-element-populated\">\n\t\t\t\t\t\t<div class=\"elementor-element elementor-element-5b930ae3 elementor-align-center elementor-mobile-align-center elementor-widget elementor-widget-button\" data-id=\"5b930ae3\" data-element_type=\"widget\" data-e-type=\"widget\" data-widget_type=\"button.default\">\n\t\t\t\t<div class=\"elementor-widget-container\">\n\t\t\t\t\t\t\t\t\t<div class=\"elementor-button-wrapper\">\n\t\t\t\t\t<a class=\"elementor-button elementor-button-link elementor-size-lg\" href=\"#\">\n\t\t\t\t\t\t<span class=\"elementor-button-content-wrapper\">\n\t\t\t\t\t\t\t\t\t<span class=\"elementor-button-text\">Sobre RN<\/span>\n\t\t\t\t\t<\/span>\n\t\t\t\t\t<\/a>\n\t\t\t\t<\/div>\n\t\t\t\t\t\t\t\t<\/div>\n\t\t\t\t<\/div>\n\t\t\t\t\t<\/div>\n\t\t<\/div>\n\t\t\t\t\t<\/div>\n\t\t<\/section>\n\t\t\t\t\t<\/div>\n\t\t<\/div>\n\t\t\t\t\t<\/div>\n\t\t<\/section>\n\t\t\t\t<section class=\"elementor-section elementor-top-section elementor-element elementor-element-7e21b87 elementor-section-boxed elementor-section-height-default elementor-section-height-default\" data-id=\"7e21b87\" data-element_type=\"section\" data-e-type=\"section\">\n\t\t\t\t\t\t<div class=\"elementor-container elementor-column-gap-no\">\n\t\t\t\t\t<div class=\"elementor-column elementor-col-33 elementor-top-column elementor-element elementor-element-ecf0f71\" data-id=\"ecf0f71\" data-element_type=\"column\" data-e-type=\"column\" data-settings=\"{&quot;background_background&quot;:&quot;classic&quot;}\">\n\t\t\t<div class=\"elementor-widget-wrap elementor-element-populated\">\n\t\t\t\t\t<div class=\"elementor-background-overlay\"><\/div>\n\t\t\t\t\t\t<div class=\"elementor-element elementor-element-40c051ee elementor-widget elementor-widget-heading\" data-id=\"40c051ee\" data-element_type=\"widget\" data-e-type=\"widget\" data-widget_type=\"heading.default\">\n\t\t\t\t<div class=\"elementor-widget-container\">\n\t\t\t\t\t<h2 class=\"elementor-heading-title elementor-size-default\"><a href=\"https:\/\/runnersnorth.com.mx\/index.php\/organizacion-y-logistica\/\">Organizaci\u00f3n \ny log\u00edstica de carreras<\/a><\/h2>\t\t\t\t<\/div>\n\t\t\t\t<\/div>\n\t\t\t\t\t<\/div>\n\t\t<\/div>\n\t\t\t\t<div class=\"elementor-column elementor-col-33 elementor-top-column elementor-element elementor-element-8ee04f9\" data-id=\"8ee04f9\" data-element_type=\"column\" data-e-type=\"column\" data-settings=\"{&quot;background_background&quot;:&quot;classic&quot;}\">\n\t\t\t<div class=\"elementor-widget-wrap elementor-element-populated\">\n\t\t\t\t\t<div class=\"elementor-background-overlay\"><\/div>\n\t\t\t\t\t\t<div class=\"elementor-element elementor-element-2cb5ae60 elementor-widget elementor-widget-heading\" data-id=\"2cb5ae60\" data-element_type=\"widget\" data-e-type=\"widget\" data-widget_type=\"heading.default\">\n\t\t\t\t<div class=\"elementor-widget-container\">\n\t\t\t\t\t<h2 class=\"elementor-heading-title elementor-size-default\"><a href=\"https:\/\/runnersnorth.com.mx\/index.php\/cronometraje\/\">Cronometraje electr\u00f3nico<\/a><\/h2>\t\t\t\t<\/div>\n\t\t\t\t<\/div>\n\t\t\t\t\t<\/div>\n\t\t<\/div>\n\t\t\t\t<div class=\"elementor-column elementor-col-33 elementor-top-column elementor-element elementor-element-aaf2547\" data-id=\"aaf2547\" data-element_type=\"column\" data-e-type=\"column\" data-settings=\"{&quot;background_background&quot;:&quot;classic&quot;}\">\n\t\t\t<div class=\"elementor-widget-wrap elementor-element-populated\">\n\t\t\t\t\t<div class=\"elementor-background-overlay\"><\/div>\n\t\t\t\t\t\t<div class=\"elementor-element elementor-element-c2e7812 elementor-widget elementor-widget-heading\" data-id=\"c2e7812\" data-element_type=\"widget\" data-e-type=\"widget\" data-widget_type=\"heading.default\">\n\t\t\t\t<div class=\"elementor-widget-container\">\n\t\t\t\t\t<h2 class=\"elementor-heading-title elementor-size-default\"><a href=\"\/services\/#service-3\">Tienda especializada para corredores<\/a><\/h2>\t\t\t\t<\/div>\n\t\t\t\t<\/div>\n\t\t\t\t\t<\/div>\n\t\t<\/div>\n\t\t\t\t\t<\/div>\n\t\t<\/section>\n\t\t\t\t<section class=\"elementor-section elementor-top-section elementor-element elementor-element-4076731b elementor-section-boxed elementor-section-height-default elementor-section-height-default\" data-id=\"4076731b\" data-element_type=\"section\" data-e-type=\"section\" data-settings=\"{&quot;background_background&quot;:&quot;classic&quot;}\">\n\t\t\t\t\t\t\t<div class=\"elementor-background-overlay\"><\/div>\n\t\t\t\t\t\t\t<div class=\"elementor-container elementor-column-gap-no\">\n\t\t\t\t\t<div class=\"elementor-column elementor-col-100 elementor-top-column elementor-element elementor-element-7940ca75\" data-id=\"7940ca75\" data-element_type=\"column\" data-e-type=\"column\">\n\t\t\t<div class=\"elementor-widget-wrap elementor-element-populated\">\n\t\t\t\t\t\t<div class=\"elementor-element elementor-element-d73361e elementor-widget elementor-widget-image-box\" data-id=\"d73361e\" data-element_type=\"widget\" data-e-type=\"widget\" data-widget_type=\"image-box.default\">\n\t\t\t\t<div class=\"elementor-widget-container\">\n\t\t\t\t\t<div class=\"elementor-image-box-wrapper\"><div class=\"elementor-image-box-content\"><h2 class=\"elementor-image-box-title\">\u00a1ENTRENA CON runnersNorth!<\/h2><p class=\"elementor-image-box-description\">Ejercicios diversos, trotes, series, repeticiones.<br><br>En cada sesi\u00f3n hacer ejercicios de estiramiento de cuello, espalda, torso, piernas, tobillos.  15 minutos antes y despues de cada entrenamiento.\n\nTomar suficiente agua durante el d\u00eda y despues del entrenamiento.\n\nUsa ropa adecuada para realizar ejercicio.<\/p><\/div><\/div>\t\t\t\t<\/div>\n\t\t\t\t<\/div>\n\t\t\t\t<div class=\"elementor-element elementor-element-1ad749e1 elementor-align-center elementor-widget elementor-widget-button\" data-id=\"1ad749e1\" data-element_type=\"widget\" data-e-type=\"widget\" data-widget_type=\"button.default\">\n\t\t\t\t<div class=\"elementor-widget-container\">\n\t\t\t\t\t\t\t\t\t<div class=\"elementor-button-wrapper\">\n\t\t\t\t\t<a class=\"elementor-button elementor-button-link elementor-size-lg\" href=\"#\">\n\t\t\t\t\t\t<span class=\"elementor-button-content-wrapper\">\n\t\t\t\t\t\t\t\t\t<span class=\"elementor-button-text\">Contacto<\/span>\n\t\t\t\t\t<\/span>\n\t\t\t\t\t<\/a>\n\t\t\t\t<\/div>\n\t\t\t\t\t\t\t\t<\/div>\n\t\t\t\t<\/div>\n\t\t\t\t\t<\/div>\n\t\t<\/div>\n\t\t\t\t\t<\/div>\n\t\t<\/section>\n\t\t\t\t<section class=\"elementor-section elementor-top-section elementor-element elementor-element-4fa11189 elementor-section-boxed elementor-section-height-default elementor-section-height-default\" data-id=\"4fa11189\" data-element_type=\"section\" data-e-type=\"section\" data-settings=\"{&quot;background_background&quot;:&quot;classic&quot;}\">\n\t\t\t\t\t\t<div class=\"elementor-container elementor-column-gap-no\">\n\t\t\t\t\t<div class=\"elementor-column elementor-col-100 elementor-top-column elementor-element elementor-element-6a0cb495\" data-id=\"6a0cb495\" data-element_type=\"column\" data-e-type=\"column\" data-settings=\"{&quot;background_background&quot;:&quot;slideshow&quot;,&quot;background_slideshow_gallery&quot;:[],&quot;background_slideshow_loop&quot;:&quot;yes&quot;,&quot;background_slideshow_slide_duration&quot;:5000,&quot;background_slideshow_slide_transition&quot;:&quot;fade&quot;,&quot;background_slideshow_transition_duration&quot;:500}\">\n\t\t\t<div class=\"elementor-widget-wrap elementor-element-populated\">\n\t\t\t\t\t\t<div class=\"elementor-element elementor-element-4d9d9662 gallery-spacing-custom elementor-widget elementor-widget-image-gallery\" data-id=\"4d9d9662\" data-element_type=\"widget\" data-e-type=\"widget\" data-settings=\"{&quot;_animation&quot;:&quot;none&quot;}\" data-widget_type=\"image-gallery.default\">\n\t\t\t\t<div class=\"elementor-widget-container\">\n\t\t\t\t\t\t\t<div class=\"elementor-image-gallery\">\n\t\t\t<div id='gallery-1' class='gallery galleryid-30 gallery-columns-3 gallery-size-medium_large'><figure class='gallery-item'>\n\t\t\t<div class='gallery-icon landscape'>\n\t\t\t\t<a data-elementor-open-lightbox=\"yes\" data-elementor-lightbox-slideshow=\"4d9d9662\" data-elementor-lightbox-title=\"10999816_733695990062837_5070719149017283485_n\" data-e-action-hash=\"#elementor-action%3Aaction%3Dlightbox%26settings%3DeyJpZCI6MzQ5LCJ1cmwiOiJodHRwczpcL1wvcnVubmVyc25vcnRoLmNvbS5teFwvd3AtY29udGVudFwvdXBsb2Fkc1wvMjAyM1wvMTJcLzEwOTk5ODE2XzczMzY5NTk5MDA2MjgzN181MDcwNzE5MTQ5MDE3MjgzNDg1X24uanBnIiwic2xpZGVzaG93IjoiNGQ5ZDk2NjIifQ%3D%3D\" href='https:\/\/runnersnorth.com.mx\/wp-content\/uploads\/2023\/12\/10999816_733695990062837_5070719149017283485_n.jpg'><img fetchpriority=\"high\" decoding=\"async\" width=\"768\" height=\"576\" src=\"https:\/\/runnersnorth.com.mx\/wp-content\/uploads\/2023\/12\/10999816_733695990062837_5070719149017283485_n-768x576.jpg\" class=\"attachment-medium_large size-medium_large\" alt=\"\" srcset=\"https:\/\/runnersnorth.com.mx\/wp-content\/uploads\/2023\/12\/10999816_733695990062837_5070719149017283485_n-768x576.jpg 768w, https:\/\/runnersnorth.com.mx\/wp-content\/uploads\/2023\/12\/10999816_733695990062837_5070719149017283485_n-300x225.jpg 300w, https:\/\/runnersnorth.com.mx\/wp-content\/uploads\/2023\/12\/10999816_733695990062837_5070719149017283485_n.jpg 960w\" sizes=\"(max-width: 768px) 100vw, 768px\" \/><\/a>\n\t\t\t<\/div><\/figure><figure class='gallery-item'>\n\t\t\t<div class='gallery-icon landscape'>\n\t\t\t\t<a data-elementor-open-lightbox=\"yes\" data-elementor-lightbox-slideshow=\"4d9d9662\" data-elementor-lightbox-title=\"12465802_881394121959689_7230784497404642350_o\" data-e-action-hash=\"#elementor-action%3Aaction%3Dlightbox%26settings%3DeyJpZCI6MzUwLCJ1cmwiOiJodHRwczpcL1wvcnVubmVyc25vcnRoLmNvbS5teFwvd3AtY29udGVudFwvdXBsb2Fkc1wvMjAyM1wvMTJcLzEyNDY1ODAyXzg4MTM5NDEyMTk1OTY4OV83MjMwNzg0NDk3NDA0NjQyMzUwX28uanBnIiwic2xpZGVzaG93IjoiNGQ5ZDk2NjIifQ%3D%3D\" href='https:\/\/runnersnorth.com.mx\/wp-content\/uploads\/2023\/12\/12465802_881394121959689_7230784497404642350_o.jpg'><img decoding=\"async\" width=\"768\" height=\"512\" src=\"https:\/\/runnersnorth.com.mx\/wp-content\/uploads\/2023\/12\/12465802_881394121959689_7230784497404642350_o-768x512.jpg\" class=\"attachment-medium_large size-medium_large\" alt=\"\" srcset=\"https:\/\/runnersnorth.com.mx\/wp-content\/uploads\/2023\/12\/12465802_881394121959689_7230784497404642350_o-768x512.jpg 768w, https:\/\/runnersnorth.com.mx\/wp-content\/uploads\/2023\/12\/12465802_881394121959689_7230784497404642350_o-300x200.jpg 300w, https:\/\/runnersnorth.com.mx\/wp-content\/uploads\/2023\/12\/12465802_881394121959689_7230784497404642350_o-1024x683.jpg 1024w, https:\/\/runnersnorth.com.mx\/wp-content\/uploads\/2023\/12\/12465802_881394121959689_7230784497404642350_o-1536x1024.jpg 1536w, https:\/\/runnersnorth.com.mx\/wp-content\/uploads\/2023\/12\/12465802_881394121959689_7230784497404642350_o.jpg 2048w\" sizes=\"(max-width: 768px) 100vw, 768px\" \/><\/a>\n\t\t\t<\/div><\/figure><figure class='gallery-item'>\n\t\t\t<div class='gallery-icon landscape'>\n\t\t\t\t<a data-elementor-open-lightbox=\"yes\" data-elementor-lightbox-slideshow=\"4d9d9662\" data-elementor-lightbox-title=\"12493687_879898852109216_486009154058523257_o\" data-e-action-hash=\"#elementor-action%3Aaction%3Dlightbox%26settings%3DeyJpZCI6MzUxLCJ1cmwiOiJodHRwczpcL1wvcnVubmVyc25vcnRoLmNvbS5teFwvd3AtY29udGVudFwvdXBsb2Fkc1wvMjAyM1wvMTJcLzEyNDkzNjg3Xzg3OTg5ODg1MjEwOTIxNl80ODYwMDkxNTQwNTg1MjMyNTdfby5qcGciLCJzbGlkZXNob3ciOiI0ZDlkOTY2MiJ9\" href='https:\/\/runnersnorth.com.mx\/wp-content\/uploads\/2023\/12\/12493687_879898852109216_486009154058523257_o.jpg'><img decoding=\"async\" width=\"768\" height=\"512\" src=\"https:\/\/runnersnorth.com.mx\/wp-content\/uploads\/2023\/12\/12493687_879898852109216_486009154058523257_o-768x512.jpg\" class=\"attachment-medium_large size-medium_large\" alt=\"\" srcset=\"https:\/\/runnersnorth.com.mx\/wp-content\/uploads\/2023\/12\/12493687_879898852109216_486009154058523257_o-768x512.jpg 768w, https:\/\/runnersnorth.com.mx\/wp-content\/uploads\/2023\/12\/12493687_879898852109216_486009154058523257_o-300x200.jpg 300w, https:\/\/runnersnorth.com.mx\/wp-content\/uploads\/2023\/12\/12493687_879898852109216_486009154058523257_o-1024x683.jpg 1024w, https:\/\/runnersnorth.com.mx\/wp-content\/uploads\/2023\/12\/12493687_879898852109216_486009154058523257_o-1536x1024.jpg 1536w, https:\/\/runnersnorth.com.mx\/wp-content\/uploads\/2023\/12\/12493687_879898852109216_486009154058523257_o.jpg 2048w\" sizes=\"(max-width: 768px) 100vw, 768px\" \/><\/a>\n\t\t\t<\/div><\/figure><figure class='gallery-item'>\n\t\t\t<div class='gallery-icon landscape'>\n\t\t\t\t<a data-elementor-open-lightbox=\"yes\" data-elementor-lightbox-slideshow=\"4d9d9662\" data-elementor-lightbox-title=\"18880235_1287133284719102_6376710008700007370_o\" data-e-action-hash=\"#elementor-action%3Aaction%3Dlightbox%26settings%3DeyJpZCI6MzUyLCJ1cmwiOiJodHRwczpcL1wvcnVubmVyc25vcnRoLmNvbS5teFwvd3AtY29udGVudFwvdXBsb2Fkc1wvMjAyM1wvMTJcLzE4ODgwMjM1XzEyODcxMzMyODQ3MTkxMDJfNjM3NjcxMDAwODcwMDAwNzM3MF9vLmpwZyIsInNsaWRlc2hvdyI6IjRkOWQ5NjYyIn0%3D\" href='https:\/\/runnersnorth.com.mx\/wp-content\/uploads\/2023\/12\/18880235_1287133284719102_6376710008700007370_o.jpg'><img loading=\"lazy\" decoding=\"async\" width=\"768\" height=\"662\" src=\"https:\/\/runnersnorth.com.mx\/wp-content\/uploads\/2023\/12\/18880235_1287133284719102_6376710008700007370_o-768x662.jpg\" class=\"attachment-medium_large size-medium_large\" alt=\"\" srcset=\"https:\/\/runnersnorth.com.mx\/wp-content\/uploads\/2023\/12\/18880235_1287133284719102_6376710008700007370_o-768x662.jpg 768w, https:\/\/runnersnorth.com.mx\/wp-content\/uploads\/2023\/12\/18880235_1287133284719102_6376710008700007370_o-300x259.jpg 300w, https:\/\/runnersnorth.com.mx\/wp-content\/uploads\/2023\/12\/18880235_1287133284719102_6376710008700007370_o-1024x883.jpg 1024w, https:\/\/runnersnorth.com.mx\/wp-content\/uploads\/2023\/12\/18880235_1287133284719102_6376710008700007370_o.jpg 1142w\" sizes=\"(max-width: 768px) 100vw, 768px\" \/><\/a>\n\t\t\t<\/div><\/figure><figure class='gallery-item'>\n\t\t\t<div class='gallery-icon landscape'>\n\t\t\t\t<a data-elementor-open-lightbox=\"yes\" data-elementor-lightbox-slideshow=\"4d9d9662\" data-elementor-lightbox-title=\"10405295_733696513396118_5476995957794619146_n\" data-e-action-hash=\"#elementor-action%3Aaction%3Dlightbox%26settings%3DeyJpZCI6MzUzLCJ1cmwiOiJodHRwczpcL1wvcnVubmVyc25vcnRoLmNvbS5teFwvd3AtY29udGVudFwvdXBsb2Fkc1wvMjAyM1wvMTJcLzEwNDA1Mjk1XzczMzY5NjUxMzM5NjExOF81NDc2OTk1OTU3Nzk0NjE5MTQ2X24uanBnIiwic2xpZGVzaG93IjoiNGQ5ZDk2NjIifQ%3D%3D\" href='https:\/\/runnersnorth.com.mx\/wp-content\/uploads\/2023\/12\/10405295_733696513396118_5476995957794619146_n.jpg'><img loading=\"lazy\" decoding=\"async\" width=\"768\" height=\"576\" src=\"https:\/\/runnersnorth.com.mx\/wp-content\/uploads\/2023\/12\/10405295_733696513396118_5476995957794619146_n-768x576.jpg\" class=\"attachment-medium_large size-medium_large\" alt=\"\" srcset=\"https:\/\/runnersnorth.com.mx\/wp-content\/uploads\/2023\/12\/10405295_733696513396118_5476995957794619146_n-768x576.jpg 768w, https:\/\/runnersnorth.com.mx\/wp-content\/uploads\/2023\/12\/10405295_733696513396118_5476995957794619146_n-300x225.jpg 300w, https:\/\/runnersnorth.com.mx\/wp-content\/uploads\/2023\/12\/10405295_733696513396118_5476995957794619146_n.jpg 960w\" sizes=\"(max-width: 768px) 100vw, 768px\" \/><\/a>\n\t\t\t<\/div><\/figure><figure class='gallery-item'>\n\t\t\t<div class='gallery-icon landscape'>\n\t\t\t\t<a data-elementor-open-lightbox=\"yes\" data-elementor-lightbox-slideshow=\"4d9d9662\" data-elementor-lightbox-title=\"10984275_733697583396011_4123029009073607265_n\" data-e-action-hash=\"#elementor-action%3Aaction%3Dlightbox%26settings%3DeyJpZCI6MzU0LCJ1cmwiOiJodHRwczpcL1wvcnVubmVyc25vcnRoLmNvbS5teFwvd3AtY29udGVudFwvdXBsb2Fkc1wvMjAyM1wvMTJcLzEwOTg0Mjc1XzczMzY5NzU4MzM5NjAxMV80MTIzMDI5MDA5MDczNjA3MjY1X24uanBnIiwic2xpZGVzaG93IjoiNGQ5ZDk2NjIifQ%3D%3D\" href='https:\/\/runnersnorth.com.mx\/wp-content\/uploads\/2023\/12\/10984275_733697583396011_4123029009073607265_n.jpg'><img loading=\"lazy\" decoding=\"async\" width=\"768\" height=\"576\" src=\"https:\/\/runnersnorth.com.mx\/wp-content\/uploads\/2023\/12\/10984275_733697583396011_4123029009073607265_n-768x576.jpg\" class=\"attachment-medium_large size-medium_large\" alt=\"\" srcset=\"https:\/\/runnersnorth.com.mx\/wp-content\/uploads\/2023\/12\/10984275_733697583396011_4123029009073607265_n-768x576.jpg 768w, https:\/\/runnersnorth.com.mx\/wp-content\/uploads\/2023\/12\/10984275_733697583396011_4123029009073607265_n-300x225.jpg 300w, https:\/\/runnersnorth.com.mx\/wp-content\/uploads\/2023\/12\/10984275_733697583396011_4123029009073607265_n.jpg 960w\" sizes=\"(max-width: 768px) 100vw, 768px\" \/><\/a>\n\t\t\t<\/div><\/figure>\n\t\t<\/div>\n\t\t<\/div>\n\t\t\t\t\t\t<\/div>\n\t\t\t\t<\/div>\n\t\t\t\t\t<\/div>\n\t\t<\/div>\n\t\t\t\t\t<\/div>\n\t\t<\/section>\n\t\t\t\t<\/div>\n\t\t","protected":false},"excerpt":{"rendered":"<p>RunnersNorth Atletismo como estilo de vida Servicios Sobre RN Organizaci\u00f3n y log\u00edstica de carreras Cronometraje electr\u00f3nico Tienda especializada para corredores \u00a1ENTRENA CON runnersNorth! Ejercicios diversos, trotes, series, repeticiones. En cada sesi\u00f3n hacer ejercicios de estiramiento de cuello, espalda, torso, piernas, tobillos. 15 minutos antes y despues de cada entrenamiento. Tomar suficiente agua durante el d\u00eda [&hellip;]<\/p>\n","protected":false},"author":1,"featured_media":0,"parent":0,"menu_order":0,"comment_status":"closed","ping_status":"closed","template":"","meta":{"_monsterinsights_skip_tracking":false,"_monsterinsights_sitenote_active":false,"_monsterinsights_sitenote_note":"","_monsterinsights_sitenote_category":0,"site-sidebar-layout":"no-sidebar","site-content-layout":"page-builder","ast-site-content-layout":"","site-content-style":"default","site-sidebar-style":"default","ast-global-header-display":"","ast-banner-title-visibility":"","ast-main-header-display":"","ast-hfb-above-header-display":"","ast-hfb-below-header-display":"","ast-hfb-mobile-header-display":"","site-post-title":"disabled","ast-breadcrumbs-content":"","ast-featured-img":"","footer-sml-layout":"","theme-transparent-header-meta":"enabled","adv-header-id-meta":"","stick-header-meta":"","header-above-stick-meta":"","header-main-stick-meta":"","header-below-stick-meta":"","astra-migrate-meta-layouts":"default","ast-page-background-enabled":"default","ast-page-background-meta":{"desktop":{"background-color":"","background-image":"","background-repeat":"repeat","background-position":"center center","background-size":"auto","background-attachment":"scroll","background-type":"","background-media":"","overlay-type":"","overlay-color":"","overlay-gradient":""},"tablet":{"background-color":"","background-image":"","background-repeat":"repeat","background-position":"center center","background-size":"auto","background-attachment":"scroll","background-type":"","background-media":"","overlay-type":"","overlay-color":"","overlay-gradient":""},"mobile":{"background-color":"","background-image":"","background-repeat":"repeat","background-position":"center center","background-size":"auto","background-attachment":"scroll","background-type":"","background-media":"","overlay-type":"","overlay-color":"","overlay-gradient":""}},"ast-content-background-meta":{"desktop":{"background-color":"var(--ast-global-color-5)","background-image":"","background-repeat":"repeat","background-position":"center center","background-size":"auto","background-attachment":"scroll","background-type":"","background-media":"","overlay-type":"","overlay-color":"","overlay-gradient":""},"tablet":{"background-color":"var(--ast-global-color-5)","background-image":"","background-repeat":"repeat","background-position":"center center","background-size":"auto","background-attachment":"scroll","background-type":"","background-media":"","overlay-type":"","overlay-color":"","overlay-gradient":""},"mobile":{"background-color":"var(--ast-global-color-5)","background-image":"","background-repeat":"repeat","background-position":"center center","background-size":"auto","background-attachment":"scroll","background-type":"","background-media":"","overlay-type":"","overlay-color":"","overlay-gradient":""}},"footnotes":""},"class_list":["post-30","page","type-page","status-publish","hentry"],"aioseo_notices":[],"_links":{"self":[{"href":"https:\/\/runnersnorth.com.mx\/index.php\/wp-json\/wp\/v2\/pages\/30","targetHints":{"allow":["GET"]}}],"collection":[{"href":"https:\/\/runnersnorth.com.mx\/index.php\/wp-json\/wp\/v2\/pages"}],"about":[{"href":"https:\/\/runnersnorth.com.mx\/index.php\/wp-json\/wp\/v2\/types\/page"}],"author":[{"embeddable":true,"href":"https:\/\/runnersnorth.com.mx\/index.php\/wp-json\/wp\/v2\/users\/1"}],"replies":[{"embeddable":true,"href":"https:\/\/runnersnorth.com.mx\/index.php\/wp-json\/wp\/v2\/comments?post=30"}],"version-history":[{"count":52,"href":"https:\/\/runnersnorth.com.mx\/index.php\/wp-json\/wp\/v2\/pages\/30\/revisions"}],"predecessor-version":[{"id":404,"href":"https:\/\/runnersnorth.com.mx\/index.php\/wp-json\/wp\/v2\/pages\/30\/revisions\/404"}],"wp:attachment":[{"href":"https:\/\/runnersnorth.com.mx\/index.php\/wp-json\/wp\/v2\/media?parent=30"}],"curies":[{"name":"wp","href":"https:\/\/api.w.org\/{rel}","templated":true}]}}